{"id":17,"date":"2021-06-18T12:44:28","date_gmt":"2021-06-18T12:44:28","guid":{"rendered":"https:\/\/dogusgunaltay.com\/index.php\/contact\/"},"modified":"2023-01-17T13:11:37","modified_gmt":"2023-01-17T13:11:37","slug":"iletisim","status":"publish","type":"page","link":"https:\/\/dogusgunaltay.com\/index.php\/iletisim\/","title":{"rendered":"\u0130leti\u015fim"},"content":{"rendered":"\n<div class=\"wp-block-uagb-container uagb-block-7a3e4b1d alignfull uagb-is-root-container\"><div class=\"uagb-container-inner-blocks-wrap\">\n<div class=\"wp-block-uagb-info-box uagb-block-8c3172a7 uagb-infobox__content-wrap  uagb-infobox-icon-above-title uagb-infobox-image-valign-top\"><div class=\"uagb-ifb-content\"><div class=\"uagb-ifb-title-wrap\"><h1 class=\"uagb-ifb-title\">\u0130leti\u015fim<\/h1><\/div><p class=\"uagb-ifb-desc\">Arayarak veya mail atarak teklif alabilirsiniz.<\/p><div class=\"uagb-ifb-separator\"><\/div><\/div><\/div>\n\n\n<\/div><\/div>\n\n\n\n<div class=\"wp-block-uagb-container uagb-block-54c0e60e alignfull uagb-is-root-container\"><div class=\"uagb-container-inner-blocks-wrap\">\n<div class=\"wp-block-uagb-container uagb-block-04269e5f\">\n<div class=\"wp-block-uagb-info-box uagb-block-b657a921 uagb-infobox__content-wrap  uagb-infobox-icon-above-title uagb-infobox-image-valign-top\"><div class=\"uagb-ifb-content\"><div class=\"uagb-ifb-title-wrap\"><\/div><div class=\"uagb-ifb-separator\"><\/div><\/div><\/div>\n\n\n\n<div class=\"wp-block-uagb-info-box uagb-block-28c364a3 uagb-infobox__content-wrap  uagb-infobox-icon-left uagb-infobox-left uagb-infobox-image-valign-top\"><div class=\"uagb-ifb-icon-wrap\"><div class=\"uagb-iconbox-icon-wrap uagb-infobox-shape-circle\"><svg xmlns=\"https:\/\/www.w3.org\/2000\/svg\" viewBox=\"0 0 512 512\"><path d=\"M464 64C490.5 64 512 85.49 512 112C512 127.1 504.9 141.3 492.8 150.4L275.2 313.6C263.8 322.1 248.2 322.1 236.8 313.6L19.2 150.4C7.113 141.3 0 127.1 0 112C0 85.49 21.49 64 48 64H464zM217.6 339.2C240.4 356.3 271.6 356.3 294.4 339.2L512 176V384C512 419.3 483.3 448 448 448H64C28.65 448 0 419.3 0 384V176L217.6 339.2z\"><\/path><\/svg><\/div><\/div><div class=\"uagb-ifb-content\"><div class=\"uagb-ifb-title-wrap\"><h6 class=\"uagb-ifb-title\"><strong><strong>Mail<\/strong><\/strong><\/h6><\/div><p class=\"uagb-ifb-desc\">bilgi@dogusgunaltay.com\u200b<\/p><\/div><\/div>\n\n\n\n<div class=\"wp-block-uagb-info-box uagb-block-ea5307f1 uagb-infobox__content-wrap  uagb-infobox-icon-above-title uagb-infobox-image-valign-top\"><div class=\"uagb-ifb-content\"><div class=\"uagb-ifb-title-wrap\"><\/div><div class=\"uagb-ifb-separator\"><\/div><\/div><\/div>\n\n\n\n<div class=\"wp-block-uagb-info-box uagb-block-be439f51 uagb-infobox__content-wrap  uagb-infobox-icon-left uagb-infobox-left uagb-infobox-image-valign-top\"><div class=\"uagb-ifb-icon-wrap\"><div class=\"uagb-iconbox-icon-wrap uagb-infobox-shape-circle\"><svg xmlns=\"https:\/\/www.w3.org\/2000\/svg\" viewBox=\"0 0 512 512\"><path d=\"M18.92 351.2l108.5-46.52c12.78-5.531 27.77-1.801 36.45 8.98l44.09 53.82c69.25-34 125.5-90.31 159.5-159.5l-53.81-44.04c-10.75-8.781-14.41-23.69-8.974-36.47l46.51-108.5c6.094-13.91 21.1-21.52 35.79-18.11l100.8 23.25c14.25 3.25 24.22 15.8 24.22 30.46c0 252.3-205.2 457.5-457.5 457.5c-14.67 0-27.18-9.968-30.45-24.22l-23.25-100.8C-2.571 372.4 5.018 357.2 18.92 351.2z\"><\/path><\/svg><\/div><\/div><div class=\"uagb-ifb-content\"><div class=\"uagb-ifb-title-wrap\"><h6 class=\"uagb-ifb-title\"><strong><strong><strong>GSM<\/strong><\/strong><\/strong><\/h6><\/div><p class=\"uagb-ifb-desc\">+90 &#8211; 555 888 76 77\u200b<\/p><\/div><\/div>\n\n\n\n<div class=\"wp-block-uagb-info-box uagb-block-57735376 uagb-infobox__content-wrap  uagb-infobox-icon-above-title uagb-infobox-image-valign-top\"><div class=\"uagb-ifb-content\"><div class=\"uagb-ifb-title-wrap\"><\/div><div class=\"uagb-ifb-separator\"><\/div><\/div><\/div>\n<\/div>\n\n\n\n<div class=\"wp-block-uagb-container uagb-block-532c5eae\"><div class=\"wpforms-container \" id=\"wpforms-1893\"><form id=\"wpforms-form-1893\" class=\"wpforms-validate wpforms-form wpforms-ajax-form\" data-formid=\"1893\" method=\"post\" enctype=\"multipart\/form-data\" action=\"\/index.php\/wp-json\/wp\/v2\/pages\/17\" data-token=\"c3bfd34a7b361054f2ea24b9b492a300\" data-token-time=\"1776406504\"><noscript class=\"wpforms-error-noscript\">Bu formu bitirebilmek i\u00e7in taray\u0131c\u0131n\u0131zda JavaScript&#039;i etkinle\u015ftirin.<\/noscript><div class=\"wpforms-field-container\"><div id=\"wpforms-1893-field_0-container\" class=\"wpforms-field wpforms-field-name\" data-field-id=\"0\"><label class=\"wpforms-field-label\" for=\"wpforms-1893-field_0\">Ad\u0131n\u0131z <span class=\"wpforms-required-label\">*<\/span><\/label><input type=\"text\" id=\"wpforms-1893-field_0\" class=\"wpforms-field-medium wpforms-field-required\" name=\"wpforms[fields][0]\" required><\/div><div id=\"wpforms-1893-field_1-container\" class=\"wpforms-field wpforms-field-email\" data-field-id=\"1\"><label class=\"wpforms-field-label\" for=\"wpforms-1893-field_1\">E-posta <span class=\"wpforms-required-label\">*<\/span><\/label><input type=\"email\" id=\"wpforms-1893-field_1\" class=\"wpforms-field-medium wpforms-field-required\" name=\"wpforms[fields][1]\" spellcheck=\"false\" required><\/div><div id=\"wpforms-1893-field_4-container\" class=\"wpforms-field wpforms-field-number\" data-field-id=\"4\"><label class=\"wpforms-field-label\" for=\"wpforms-1893-field_4\">Telefon Numaran\u0131z<\/label><input type=\"number\" id=\"wpforms-1893-field_4\" class=\"wpforms-field-medium\" name=\"wpforms[fields][4]\" step=\"any\" ><\/div><div id=\"wpforms-1893-field_2-container\" class=\"wpforms-field wpforms-field-textarea\" data-field-id=\"2\"><label class=\"wpforms-field-label\" for=\"wpforms-1893-field_2\">Mesaj\u0131n\u0131z<\/label><textarea id=\"wpforms-1893-field_2\" class=\"wpforms-field-medium\" name=\"wpforms[fields][2]\" ><\/textarea><\/div><\/div><!-- .wpforms-field-container --><div class=\"wpforms-submit-container\" ><input type=\"hidden\" name=\"wpforms[id]\" value=\"1893\"><input type=\"hidden\" name=\"page_title\" value=\"\"><input type=\"hidden\" name=\"page_url\" value=\"https:\/\/dogusgunaltay.com\/index.php\/wp-json\/wp\/v2\/pages\/17\"><input type=\"hidden\" name=\"url_referer\" value=\"\"><button type=\"submit\" name=\"wpforms[submit]\" id=\"wpforms-submit-1893\" class=\"wpforms-submit\" data-alt-text=\"Te\u015fekk\u00fcrler\" data-submit-text=\"G\u00f6nder\" aria-live=\"assertive\" value=\"wpforms-submit\">G\u00f6nder<\/button><img loading=\"lazy\" decoding=\"async\" src=\"https:\/\/dogusgunaltay.com\/wp-content\/plugins\/wpforms-lite\/assets\/images\/submit-spin.svg\" class=\"wpforms-submit-spinner\" style=\"display: none;\" width=\"26\" height=\"26\" alt=\"Y\u00fckleniyor\"><\/div><\/form><\/div>  <!-- .wpforms-container -->\n<\/div>\n<\/div><\/div>\n","protected":false},"excerpt":{"rendered":"","protected":false},"author":1,"featured_media":0,"parent":0,"menu_order":0,"comment_status":"closed","ping_status":"closed","template":"","meta":{"_uag_custom_page_level_css":"","site-sidebar-layout":"no-sidebar","site-content-layout":"plain-container","ast-site-content-layout":"default","site-content-style":"default","site-sidebar-style":"default","ast-global-header-display":"","ast-banner-title-visibility":"","ast-main-header-display":"","ast-hfb-above-header-display":"","ast-hfb-below-header-display":"","ast-hfb-mobile-header-display":"","site-post-title":"disabled","ast-breadcrumbs-content":"","ast-featured-img":"disabled","footer-sml-layout":"","ast-disable-related-posts":"","theme-transparent-header-meta":"enabled","adv-header-id-meta":"","stick-header-meta":"","header-above-stick-meta":"","header-main-stick-meta":"","header-below-stick-meta":"","astra-migrate-meta-layouts":"default","ast-page-background-enabled":"default","ast-page-background-meta":{"desktop":{"background-color":"","background-image":"","background-repeat":"repeat","background-position":"center center","background-size":"auto","background-attachment":"scroll","background-type":"","background-media":"","overlay-type":"","overlay-color":"","overlay-opacity":"","overlay-gradient":""},"tablet":{"background-color":"","background-image":"","background-repeat":"repeat","background-position":"center center","background-size":"auto","background-attachment":"scroll","background-type":"","background-media":"","overlay-type":"","overlay-color":"","overlay-opacity":"","overlay-gradient":""},"mobile":{"background-color":"","background-image":"","background-repeat":"repeat","background-position":"center center","background-size":"auto","background-attachment":"scroll","background-type":"","background-media":"","overlay-type":"","overlay-color":"","overlay-opacity":"","overlay-gradient":""}},"ast-content-background-meta":{"desktop":{"background-color":"var(--ast-global-color-5)","background-image":"","background-repeat":"repeat","background-position":"center center","background-size":"auto","background-attachment":"scroll","background-type":"","background-media":"","overlay-type":"","overlay-color":"","overlay-opacity":"","overlay-gradient":""},"tablet":{"background-color":"var(--ast-global-color-5)","background-image":"","background-repeat":"repeat","background-position":"center center","background-size":"auto","background-attachment":"scroll","background-type":"","background-media":"","overlay-type":"","overlay-color":"","overlay-opacity":"","overlay-gradient":""},"mobile":{"background-color":"var(--ast-global-color-5)","background-image":"","background-repeat":"repeat","background-position":"center center","background-size":"auto","background-attachment":"scroll","background-type":"","background-media":"","overlay-type":"","overlay-color":"","overlay-opacity":"","overlay-gradient":""}},"_vp_format_video_url":"","_vp_image_focal_point":[],"footnotes":""},"class_list":["post-17","page","type-page","status-publish","hentry"],"yoast_head":"<!-- This site is optimized with the Yoast SEO plugin v27.4 - https:\/\/yoast.com\/product\/yoast-seo-wordpress\/ -->\n<title>\u0130leti\u015fim - Do\u011fu\u015f G\u00fcnaltay<\/title>\n<meta name=\"description\" content=\"Do\u011fu\u015f G\u00fcnaltay ajans ileti\u015fim bilgilerine buradan ula\u015fabilir, grafik tasar\u0131m, web sitesi, dan\u0131\u015fmanl\u0131k hakk\u0131nda fiyat teklifi alabilirsiniz.\" \/>\n<meta name=\"robots\" content=\"index, follow, max-snippet:-1, max-image-preview:large, max-video-preview:-1\" \/>\n<link rel=\"canonical\" href=\"https:\/\/dogusgunaltay.com\/index.php\/iletisim\/\" \/>\n<meta property=\"og:locale\" content=\"tr_TR\" \/>\n<meta property=\"og:type\" content=\"article\" \/>\n<meta property=\"og:title\" content=\"\u0130leti\u015fim - Do\u011fu\u015f G\u00fcnaltay\" \/>\n<meta property=\"og:description\" content=\"Do\u011fu\u015f G\u00fcnaltay ajans ileti\u015fim bilgilerine buradan ula\u015fabilir, grafik tasar\u0131m, web sitesi, dan\u0131\u015fmanl\u0131k hakk\u0131nda fiyat teklifi alabilirsiniz.\" \/>\n<meta property=\"og:url\" content=\"https:\/\/dogusgunaltay.com\/index.php\/iletisim\/\" \/>\n<meta property=\"og:site_name\" content=\"Do\u011fu\u015f G\u00fcnaltay\" \/>\n<meta property=\"article:modified_time\" content=\"2023-01-17T13:11:37+00:00\" \/>\n<meta name=\"twitter:card\" content=\"summary_large_image\" \/>\n<meta name=\"twitter:label1\" content=\"Tahmini okuma s\u00fcresi\" \/>\n\t<meta name=\"twitter:data1\" content=\"1 dakika\" \/>\n<script type=\"application\/ld+json\" class=\"yoast-schema-graph\">{\"@context\":\"https:\\\/\\\/schema.org\",\"@graph\":[{\"@type\":\"WebPage\",\"@id\":\"https:\\\/\\\/dogusgunaltay.com\\\/index.php\\\/iletisim\\\/\",\"url\":\"https:\\\/\\\/dogusgunaltay.com\\\/index.php\\\/iletisim\\\/\",\"name\":\"\u0130leti\u015fim - Do\u011fu\u015f G\u00fcnaltay\",\"isPartOf\":{\"@id\":\"https:\\\/\\\/dogusgunaltay.com\\\/#website\"},\"datePublished\":\"2021-06-18T12:44:28+00:00\",\"dateModified\":\"2023-01-17T13:11:37+00:00\",\"description\":\"Do\u011fu\u015f G\u00fcnaltay ajans ileti\u015fim bilgilerine buradan ula\u015fabilir, grafik tasar\u0131m, web sitesi, dan\u0131\u015fmanl\u0131k hakk\u0131nda fiyat teklifi alabilirsiniz.\",\"breadcrumb\":{\"@id\":\"https:\\\/\\\/dogusgunaltay.com\\\/index.php\\\/iletisim\\\/#breadcrumb\"},\"inLanguage\":\"tr\",\"potentialAction\":[{\"@type\":\"ReadAction\",\"target\":[\"https:\\\/\\\/dogusgunaltay.com\\\/index.php\\\/iletisim\\\/\"]}]},{\"@type\":\"BreadcrumbList\",\"@id\":\"https:\\\/\\\/dogusgunaltay.com\\\/index.php\\\/iletisim\\\/#breadcrumb\",\"itemListElement\":[{\"@type\":\"ListItem\",\"position\":1,\"name\":\"Anasayfa\",\"item\":\"https:\\\/\\\/dogusgunaltay.com\\\/\"},{\"@type\":\"ListItem\",\"position\":2,\"name\":\"\u0130leti\u015fim\"}]},{\"@type\":\"WebSite\",\"@id\":\"https:\\\/\\\/dogusgunaltay.com\\\/#website\",\"url\":\"https:\\\/\\\/dogusgunaltay.com\\\/\",\"name\":\"Do\u011fu\u015f G\u00fcnaltay\",\"description\":\"Fikri Sanata \u00c7evir\",\"publisher\":{\"@id\":\"https:\\\/\\\/dogusgunaltay.com\\\/#\\\/schema\\\/person\\\/983f726aa68fc9b68673eb592ef7a93d\"},\"potentialAction\":[{\"@type\":\"SearchAction\",\"target\":{\"@type\":\"EntryPoint\",\"urlTemplate\":\"https:\\\/\\\/dogusgunaltay.com\\\/?s={search_term_string}\"},\"query-input\":{\"@type\":\"PropertyValueSpecification\",\"valueRequired\":true,\"valueName\":\"search_term_string\"}}],\"inLanguage\":\"tr\"},{\"@type\":[\"Person\",\"Organization\"],\"@id\":\"https:\\\/\\\/dogusgunaltay.com\\\/#\\\/schema\\\/person\\\/983f726aa68fc9b68673eb592ef7a93d\",\"name\":\"admin\",\"image\":{\"@type\":\"ImageObject\",\"inLanguage\":\"tr\",\"@id\":\"https:\\\/\\\/dogusgunaltay.com\\\/wp-content\\\/uploads\\\/2023\\\/01\\\/cropped-Calisma-yuzeyi-1.png\",\"url\":\"https:\\\/\\\/dogusgunaltay.com\\\/wp-content\\\/uploads\\\/2023\\\/01\\\/cropped-Calisma-yuzeyi-1.png\",\"contentUrl\":\"https:\\\/\\\/dogusgunaltay.com\\\/wp-content\\\/uploads\\\/2023\\\/01\\\/cropped-Calisma-yuzeyi-1.png\",\"width\":512,\"height\":512,\"caption\":\"admin\"},\"logo\":{\"@id\":\"https:\\\/\\\/dogusgunaltay.com\\\/wp-content\\\/uploads\\\/2023\\\/01\\\/cropped-Calisma-yuzeyi-1.png\"},\"sameAs\":[\"https:\\\/\\\/dogusgunaltay.com\"]}]}<\/script>\n<!-- \/ Yoast SEO plugin. -->","yoast_head_json":{"title":"\u0130leti\u015fim - Do\u011fu\u015f G\u00fcnaltay","description":"Do\u011fu\u015f G\u00fcnaltay ajans ileti\u015fim bilgilerine buradan ula\u015fabilir, grafik tasar\u0131m, web sitesi, dan\u0131\u015fmanl\u0131k hakk\u0131nda fiyat teklifi alabilirsiniz.","robots":{"index":"index","follow":"follow","max-snippet":"max-snippet:-1","max-image-preview":"max-image-preview:large","max-video-preview":"max-video-preview:-1"},"canonical":"https:\/\/dogusgunaltay.com\/index.php\/iletisim\/","og_locale":"tr_TR","og_type":"article","og_title":"\u0130leti\u015fim - Do\u011fu\u015f G\u00fcnaltay","og_description":"Do\u011fu\u015f G\u00fcnaltay ajans ileti\u015fim bilgilerine buradan ula\u015fabilir, grafik tasar\u0131m, web sitesi, dan\u0131\u015fmanl\u0131k hakk\u0131nda fiyat teklifi alabilirsiniz.","og_url":"https:\/\/dogusgunaltay.com\/index.php\/iletisim\/","og_site_name":"Do\u011fu\u015f G\u00fcnaltay","article_modified_time":"2023-01-17T13:11:37+00:00","twitter_card":"summary_large_image","twitter_misc":{"Tahmini okuma s\u00fcresi":"1 dakika"},"schema":{"@context":"https:\/\/schema.org","@graph":[{"@type":"WebPage","@id":"https:\/\/dogusgunaltay.com\/index.php\/iletisim\/","url":"https:\/\/dogusgunaltay.com\/index.php\/iletisim\/","name":"\u0130leti\u015fim - Do\u011fu\u015f G\u00fcnaltay","isPartOf":{"@id":"https:\/\/dogusgunaltay.com\/#website"},"datePublished":"2021-06-18T12:44:28+00:00","dateModified":"2023-01-17T13:11:37+00:00","description":"Do\u011fu\u015f G\u00fcnaltay ajans ileti\u015fim bilgilerine buradan ula\u015fabilir, grafik tasar\u0131m, web sitesi, dan\u0131\u015fmanl\u0131k hakk\u0131nda fiyat teklifi alabilirsiniz.","breadcrumb":{"@id":"https:\/\/dogusgunaltay.com\/index.php\/iletisim\/#breadcrumb"},"inLanguage":"tr","potentialAction":[{"@type":"ReadAction","target":["https:\/\/dogusgunaltay.com\/index.php\/iletisim\/"]}]},{"@type":"BreadcrumbList","@id":"https:\/\/dogusgunaltay.com\/index.php\/iletisim\/#breadcrumb","itemListElement":[{"@type":"ListItem","position":1,"name":"Anasayfa","item":"https:\/\/dogusgunaltay.com\/"},{"@type":"ListItem","position":2,"name":"\u0130leti\u015fim"}]},{"@type":"WebSite","@id":"https:\/\/dogusgunaltay.com\/#website","url":"https:\/\/dogusgunaltay.com\/","name":"Do\u011fu\u015f G\u00fcnaltay","description":"Fikri Sanata \u00c7evir","publisher":{"@id":"https:\/\/dogusgunaltay.com\/#\/schema\/person\/983f726aa68fc9b68673eb592ef7a93d"},"potentialAction":[{"@type":"SearchAction","target":{"@type":"EntryPoint","urlTemplate":"https:\/\/dogusgunaltay.com\/?s={search_term_string}"},"query-input":{"@type":"PropertyValueSpecification","valueRequired":true,"valueName":"search_term_string"}}],"inLanguage":"tr"},{"@type":["Person","Organization"],"@id":"https:\/\/dogusgunaltay.com\/#\/schema\/person\/983f726aa68fc9b68673eb592ef7a93d","name":"admin","image":{"@type":"ImageObject","inLanguage":"tr","@id":"https:\/\/dogusgunaltay.com\/wp-content\/uploads\/2023\/01\/cropped-Calisma-yuzeyi-1.png","url":"https:\/\/dogusgunaltay.com\/wp-content\/uploads\/2023\/01\/cropped-Calisma-yuzeyi-1.png","contentUrl":"https:\/\/dogusgunaltay.com\/wp-content\/uploads\/2023\/01\/cropped-Calisma-yuzeyi-1.png","width":512,"height":512,"caption":"admin"},"logo":{"@id":"https:\/\/dogusgunaltay.com\/wp-content\/uploads\/2023\/01\/cropped-Calisma-yuzeyi-1.png"},"sameAs":["https:\/\/dogusgunaltay.com"]}]}},"uagb_featured_image_src":{"full":false,"thumbnail":false,"medium":false,"medium_large":false,"large":false,"1536x1536":false,"2048x2048":false,"vp_sm":false,"vp_md":false,"vp_lg":false,"vp_xl":false,"vp_sm_popup":false,"vp_md_popup":false,"vp_xl_popup":false},"uagb_author_info":{"display_name":"admin","author_link":"https:\/\/dogusgunaltay.com\/index.php\/author\/dogusgunaltay\/"},"uagb_comment_info":0,"uagb_excerpt":null,"_links":{"self":[{"href":"https:\/\/dogusgunaltay.com\/index.php\/wp-json\/wp\/v2\/pages\/17","targetHints":{"allow":["GET"]}}],"collection":[{"href":"https:\/\/dogusgunaltay.com\/index.php\/wp-json\/wp\/v2\/pages"}],"about":[{"href":"https:\/\/dogusgunaltay.com\/index.php\/wp-json\/wp\/v2\/types\/page"}],"author":[{"embeddable":true,"href":"https:\/\/dogusgunaltay.com\/index.php\/wp-json\/wp\/v2\/users\/1"}],"replies":[{"embeddable":true,"href":"https:\/\/dogusgunaltay.com\/index.php\/wp-json\/wp\/v2\/comments?post=17"}],"version-history":[{"count":4,"href":"https:\/\/dogusgunaltay.com\/index.php\/wp-json\/wp\/v2\/pages\/17\/revisions"}],"predecessor-version":[{"id":2140,"href":"https:\/\/dogusgunaltay.com\/index.php\/wp-json\/wp\/v2\/pages\/17\/revisions\/2140"}],"wp:attachment":[{"href":"https:\/\/dogusgunaltay.com\/index.php\/wp-json\/wp\/v2\/media?parent=17"}],"curies":[{"name":"wp","href":"https:\/\/api.w.org\/{rel}","templated":true}]}}