{"id":2203,"date":"2023-08-16T11:24:11","date_gmt":"2023-08-16T11:24:11","guid":{"rendered":"https:\/\/dogusgunaltay.com\/?page_id=2203"},"modified":"2023-08-16T12:38:38","modified_gmt":"2023-08-16T12:38:38","slug":"web-hizmetleri","status":"publish","type":"page","link":"https:\/\/dogusgunaltay.com\/index.php\/web-hizmetleri\/","title":{"rendered":"Web Hizmetleri"},"content":{"rendered":"\n<div class=\"wp-block-uagb-image uagb-block-1598bcb4 wp-block-uagb-image--layout-default wp-block-uagb-image--effect-static wp-block-uagb-image--align-none\"><figure class=\"wp-block-uagb-image__figure\"><img decoding=\"async\" srcset=\"https:\/\/dogusgunaltay.com\/wp-content\/uploads\/2023\/08\/3-1024x320.jpg \" sizes=\"auto, (max-width: 480px) 150px\" src=\"https:\/\/dogusgunaltay.com\/wp-content\/uploads\/2023\/08\/3-1024x320.jpg\" alt=\"\" class=\"uag-image-2204\" width=\"1024\" height=\"320\" title=\"\" loading=\"lazy\"\/><\/figure><\/div>\n\n\n\n<p><strong>Binbirtasar\u0131m.com.tr ile \u0130nternet D\u00fcnyas\u0131na Ad\u0131m At\u0131n!<\/strong><\/p>\n\n\n\n<p>Gelin, dijital d\u00fcnyan\u0131n s\u0131n\u0131rs\u0131z olanaklar\u0131na ad\u0131m atman\u0131n en kolay yolunu ke\u015ffedin! Binbirtasar\u0131m.com.tr, size eksiksiz bir \u00e7evrimi\u00e7i varl\u0131k olu\u015fturman\u0131z i\u00e7in gereken t\u00fcm ara\u00e7lar\u0131 sunuyor. Profesyonel ve etkileyici bir web sitesine sahip olmak art\u0131k \u00e7ok daha h\u0131zl\u0131 ve kolay.<\/p>\n\n\n\n<p><strong>Geli\u015fmi\u015f Y\u00f6netim Paneli ile Kontrol Elinizde:<\/strong><\/p>\n\n\n\n<p>Web sitenizi y\u00f6netmek hi\u00e7 bu kadar kolay olmam\u0131\u015ft\u0131. Geli\u015fmi\u015f y\u00f6netim paneli sayesinde i\u00e7erikleri d\u00fczenlemek, g\u00f6rselleri g\u00fcncellemek ve yeni sayfalar eklemek art\u0131k sadece birka\u00e7 t\u0131klama uzakl\u0131kta. Teknik bilgiye ihtiya\u00e7 duymadan, kendi web sitenizi ki\u015fiselle\u015ftirebilirsiniz.<\/p>\n\n\n\n<p><strong>\u00d6zel Logo Tasar\u0131m\u0131 ile Kendinizi Tan\u0131t\u0131n:<\/strong><\/p>\n\n\n\n<p>Markan\u0131z\u0131n kimli\u011fini yans\u0131tan \u00f6zel bir logo tasar\u0131m\u0131yla, rakipleriniz aras\u0131ndan s\u0131yr\u0131l\u0131n. Binbirtasar\u0131m.com.tr, size marka logosu sunarak, m\u00fc\u015fterilerinizin akl\u0131nda kalman\u0131z\u0131 sa\u011flar.<\/p>\n\n\n\n<p><strong>Google SEO ile \u00dcst S\u0131ralara Y\u00fckselin:<\/strong><\/p>\n\n\n\n<p>Dijital d\u00fcnyada var olman\u0131n en \u00f6nemli yollar\u0131ndan biri, Google&#8217;da \u00fcst s\u0131ralarda yer almakt\u0131r. Binbirtasar\u0131m.com.tr, SEO uzmanlar\u0131yla \u00e7al\u0131\u015farak, web sitenizin arama sonu\u00e7lar\u0131nda \u00fcst s\u0131ralarda yer almas\u0131n\u0131 sa\u011flar, b\u00f6ylece potansiyel m\u00fc\u015fterilere daha kolay ula\u015f\u0131rs\u0131n\u0131z.<\/p>\n\n\n\n<p><strong>Domain (Alan Ad\u0131) ve Hosting ile G\u00fcvenilirlik ve H\u0131z:<\/strong><\/p>\n\n\n\n<p>Size \u00f6zel alan ad\u0131n\u0131zla, m\u00fc\u015fterilerinizin sizi daha kolay bulmas\u0131n\u0131 sa\u011flay\u0131n. H\u0131zl\u0131 ve g\u00fcvenilir hosting hizmeti sayesinde, web siteniz her zaman \u00e7evrimi\u00e7i ve eri\u015filebilir olur.<\/p>\n\n\n\n<p><strong>SSL Sertifikas\u0131 ile G\u00fcveni Art\u0131r\u0131n:<\/strong><\/p>\n\n\n\n<p>M\u00fc\u015fterilerinizin g\u00fcvenini kazanman\u0131n en etkili yollar\u0131ndan biri, web sitenizi g\u00fcvenli hale getirmektir. Binbirtasar\u0131m.com.tr, SSL sertifikas\u0131 ile sizi ve m\u00fc\u015fterilerinizi korur. M\u00fc\u015fterilerinizin ve ziyaret\u00e7ilerinizin g\u00fcvenli\u011fini sa\u011flamak i\u00e7in sitenize \u00fccretsiz SSL sertifikas\u0131 entegre edilir, b\u00f6ylece veri iletimi \u015fifrelenir ve g\u00fcvence alt\u0131na al\u0131n\u0131r.<\/p>\n\n\n\n<p><strong>WhatsApp ve Canl\u0131 Destek ile \u0130leti\u015fimi Kolayla\u015ft\u0131r\u0131n:<\/strong><\/p>\n\n\n\n<p>M\u00fc\u015fteri ileti\u015fimini g\u00fc\u00e7lendirmenin ve onlarla daha yak\u0131n temas kurman\u0131n yollar\u0131ndan biri, anl\u0131k ileti\u015fim kanallar\u0131d\u0131r. Binbirtasar\u0131m.com.tr, WhatsApp ve canl\u0131 destek mod\u00fclleriyle m\u00fc\u015fterilerinizle kolayca ileti\u015fim kurman\u0131z\u0131 sa\u011flar.<\/p>\n\n\n\n<p>Binbirtasar\u0131m.com.tr ile dijital d\u00fcnyada g\u00fc\u00e7l\u00fc ve etkileyici bir varl\u0131k olu\u015fturun. Siz hayal edin, biz ger\u00e7ekle\u015ftirelim! Hemen bug\u00fcn ileti\u015fime ge\u00e7in ve profesyonel web sitenizin keyfini \u00e7\u0131kar\u0131n.<\/p>\n\n\n\n<div class=\"wp-block-buttons is-layout-flex wp-block-buttons-is-layout-flex\">\n<div class=\"wp-block-button\"><a class=\"wp-block-button__link wp-element-button\" href=\"http:\/\/www.binbirtasarim.com.tr\">Hemen Ba\u015fla<\/a><\/div>\n<\/div>\n\n\n\n<div class=\"wp-block-uagb-separator uagb-block-9f17e1b8\"><div class=\"wp-block-uagb-separator__inner\" style=\"--my-background-image:\"><\/div><\/div>\n\n\n\n<div class=\"wp-block-uagb-image uagb-block-5a2ee9dd wp-block-uagb-image--layout-default wp-block-uagb-image--effect-static wp-block-uagb-image--align-none\"><figure class=\"wp-block-uagb-image__figure\"><img decoding=\"async\" srcset=\"https:\/\/dogusgunaltay.com\/wp-content\/uploads\/2023\/08\/2-1024x320.jpg \" sizes=\"auto, (max-width: 480px) 150px\" src=\"https:\/\/dogusgunaltay.com\/wp-content\/uploads\/2023\/08\/2-1024x320.jpg\" alt=\"\" class=\"uag-image-2208\" width=\"1024\" height=\"320\" title=\"\" loading=\"lazy\"\/><\/figure><\/div>\n\n\n\n<p><\/p>\n","protected":false},"excerpt":{"rendered":"<p>Binbirtasar\u0131m.com.tr ile \u0130nternet D\u00fcnyas\u0131na Ad\u0131m At\u0131n! Gelin, dijital d\u00fcnyan\u0131n s\u0131n\u0131rs\u0131z olanaklar\u0131na ad\u0131m atman\u0131n en kolay yolunu ke\u015ffedin! Binbirtasar\u0131m.com.tr, size eksiksiz bir \u00e7evrimi\u00e7i varl\u0131k olu\u015fturman\u0131z i\u00e7in gereken t\u00fcm ara\u00e7lar\u0131 sunuyor. Profesyonel ve etkileyici bir web sitesine sahip olmak art\u0131k \u00e7ok daha h\u0131zl\u0131 ve kolay. Geli\u015fmi\u015f Y\u00f6netim Paneli ile Kontrol Elinizde: Web sitenizi y\u00f6netmek hi\u00e7 bu kadar [&hellip;]<\/p>\n","protected":false},"author":1,"featured_media":0,"parent":0,"menu_order":0,"comment_status":"closed","ping_status":"closed","template":"","meta":{"_uag_custom_page_level_css":"","site-sidebar-layout":"default","site-content-layout":"","ast-site-content-layout":"default","site-content-style":"default","site-sidebar-style":"default","ast-global-header-display":"","ast-banner-title-visibility":"","ast-main-header-display":"","ast-hfb-above-header-display":"","ast-hfb-below-header-display":"","ast-hfb-mobile-header-display":"","site-post-title":"","ast-breadcrumbs-content":"","ast-featured-img":"","footer-sml-layout":"","ast-disable-related-posts":"","theme-transparent-header-meta":"","adv-header-id-meta":"","stick-header-meta":"","header-above-stick-meta":"","header-main-stick-meta":"","header-below-stick-meta":"","astra-migrate-meta-layouts":"default","ast-page-background-enabled":"default","ast-page-background-meta":{"desktop":{"background-color":"","background-image":"","background-repeat":"repeat","background-position":"center center","background-size":"auto","background-attachment":"scroll","background-type":"","background-media":"","overlay-type":"","overlay-color":"","overlay-opacity":"","overlay-gradient":""},"tablet":{"background-color":"","background-image":"","background-repeat":"repeat","background-position":"center center","background-size":"auto","background-attachment":"scroll","background-type":"","background-media":"","overlay-type":"","overlay-color":"","overlay-opacity":"","overlay-gradient":""},"mobile":{"background-color":"","background-image":"","background-repeat":"repeat","background-position":"center center","background-size":"auto","background-attachment":"scroll","background-type":"","background-media":"","overlay-type":"","overlay-color":"","overlay-opacity":"","overlay-gradient":""}},"ast-content-background-meta":{"desktop":{"background-color":"var(--ast-global-color-5)","background-image":"","background-repeat":"repeat","background-position":"center center","background-size":"auto","background-attachment":"scroll","background-type":"","background-media":"","overlay-type":"","overlay-color":"","overlay-opacity":"","overlay-gradient":""},"tablet":{"background-color":"var(--ast-global-color-5)","background-image":"","background-repeat":"repeat","background-position":"center center","background-size":"auto","background-attachment":"scroll","background-type":"","background-media":"","overlay-type":"","overlay-color":"","overlay-opacity":"","overlay-gradient":""},"mobile":{"background-color":"var(--ast-global-color-5)","background-image":"","background-repeat":"repeat","background-position":"center center","background-size":"auto","background-attachment":"scroll","background-type":"","background-media":"","overlay-type":"","overlay-color":"","overlay-opacity":"","overlay-gradient":""}},"_vp_format_video_url":"","_vp_image_focal_point":[],"footnotes":""},"class_list":["post-2203","page","type-page","status-publish","hentry"],"yoast_head":"<!-- This site is optimized with the Yoast SEO plugin v27.4 - https:\/\/yoast.com\/product\/yoast-seo-wordpress\/ -->\n<title>Web Hizmetleri - Do\u011fu\u015f G\u00fcnaltay<\/title>\n<meta name=\"description\" content=\"Gelin, dijital d\u00fcnyan\u0131n s\u0131n\u0131rs\u0131z olanaklar\u0131na ad\u0131m atman\u0131n en kolay yolunu ke\u015ffedin! binbirtasar\u0131m.com.tr, size eksiksiz bir \u00e7evrimi\u00e7i varl\u0131k olu\u015fturman\u0131z i\u00e7in gereken t\u00fcm ara\u00e7lar\u0131 sunuyor. Profesyonel ve etkileyici bir web sitesine sahip olmak art\u0131k \u00e7ok daha h\u0131zl\u0131 ve kolay.\" \/>\n<meta name=\"robots\" content=\"index, follow, max-snippet:-1, max-image-preview:large, max-video-preview:-1\" \/>\n<link rel=\"canonical\" href=\"https:\/\/dogusgunaltay.com\/index.php\/web-hizmetleri\/\" \/>\n<meta property=\"og:locale\" content=\"tr_TR\" \/>\n<meta property=\"og:type\" content=\"article\" \/>\n<meta property=\"og:title\" content=\"Web Hizmetleri - Do\u011fu\u015f G\u00fcnaltay\" \/>\n<meta property=\"og:description\" content=\"Gelin, dijital d\u00fcnyan\u0131n s\u0131n\u0131rs\u0131z olanaklar\u0131na ad\u0131m atman\u0131n en kolay yolunu ke\u015ffedin! binbirtasar\u0131m.com.tr, size eksiksiz bir \u00e7evrimi\u00e7i varl\u0131k olu\u015fturman\u0131z i\u00e7in gereken t\u00fcm ara\u00e7lar\u0131 sunuyor. Profesyonel ve etkileyici bir web sitesine sahip olmak art\u0131k \u00e7ok daha h\u0131zl\u0131 ve kolay.\" \/>\n<meta property=\"og:url\" content=\"https:\/\/dogusgunaltay.com\/index.php\/web-hizmetleri\/\" \/>\n<meta property=\"og:site_name\" content=\"Do\u011fu\u015f G\u00fcnaltay\" \/>\n<meta property=\"article:modified_time\" content=\"2023-08-16T12:38:38+00:00\" \/>\n<meta property=\"og:image\" content=\"https:\/\/dogusgunaltay.com\/wp-content\/uploads\/2023\/08\/3-1024x320.jpg\" \/>\n<meta name=\"twitter:card\" content=\"summary_large_image\" \/>\n<meta name=\"twitter:label1\" content=\"Tahmini okuma s\u00fcresi\" \/>\n\t<meta name=\"twitter:data1\" content=\"3 dakika\" \/>\n<script type=\"application\/ld+json\" class=\"yoast-schema-graph\">{\"@context\":\"https:\\\/\\\/schema.org\",\"@graph\":[{\"@type\":\"WebPage\",\"@id\":\"https:\\\/\\\/dogusgunaltay.com\\\/index.php\\\/web-hizmetleri\\\/\",\"url\":\"https:\\\/\\\/dogusgunaltay.com\\\/index.php\\\/web-hizmetleri\\\/\",\"name\":\"Web Hizmetleri - Do\u011fu\u015f G\u00fcnaltay\",\"isPartOf\":{\"@id\":\"https:\\\/\\\/dogusgunaltay.com\\\/#website\"},\"primaryImageOfPage\":{\"@id\":\"https:\\\/\\\/dogusgunaltay.com\\\/index.php\\\/web-hizmetleri\\\/#primaryimage\"},\"image\":{\"@id\":\"https:\\\/\\\/dogusgunaltay.com\\\/index.php\\\/web-hizmetleri\\\/#primaryimage\"},\"thumbnailUrl\":\"https:\\\/\\\/dogusgunaltay.com\\\/wp-content\\\/uploads\\\/2023\\\/08\\\/3-1024x320.jpg\",\"datePublished\":\"2023-08-16T11:24:11+00:00\",\"dateModified\":\"2023-08-16T12:38:38+00:00\",\"description\":\"Gelin, dijital d\u00fcnyan\u0131n s\u0131n\u0131rs\u0131z olanaklar\u0131na ad\u0131m atman\u0131n en kolay yolunu ke\u015ffedin! binbirtasar\u0131m.com.tr, size eksiksiz bir \u00e7evrimi\u00e7i varl\u0131k olu\u015fturman\u0131z i\u00e7in gereken t\u00fcm ara\u00e7lar\u0131 sunuyor. Profesyonel ve etkileyici bir web sitesine sahip olmak art\u0131k \u00e7ok daha h\u0131zl\u0131 ve kolay.\",\"breadcrumb\":{\"@id\":\"https:\\\/\\\/dogusgunaltay.com\\\/index.php\\\/web-hizmetleri\\\/#breadcrumb\"},\"inLanguage\":\"tr\",\"potentialAction\":[{\"@type\":\"ReadAction\",\"target\":[\"https:\\\/\\\/dogusgunaltay.com\\\/index.php\\\/web-hizmetleri\\\/\"]}]},{\"@type\":\"ImageObject\",\"inLanguage\":\"tr\",\"@id\":\"https:\\\/\\\/dogusgunaltay.com\\\/index.php\\\/web-hizmetleri\\\/#primaryimage\",\"url\":\"https:\\\/\\\/dogusgunaltay.com\\\/wp-content\\\/uploads\\\/2023\\\/08\\\/3.jpg\",\"contentUrl\":\"https:\\\/\\\/dogusgunaltay.com\\\/wp-content\\\/uploads\\\/2023\\\/08\\\/3.jpg\",\"width\":1920,\"height\":600},{\"@type\":\"BreadcrumbList\",\"@id\":\"https:\\\/\\\/dogusgunaltay.com\\\/index.php\\\/web-hizmetleri\\\/#breadcrumb\",\"itemListElement\":[{\"@type\":\"ListItem\",\"position\":1,\"name\":\"Anasayfa\",\"item\":\"https:\\\/\\\/dogusgunaltay.com\\\/\"},{\"@type\":\"ListItem\",\"position\":2,\"name\":\"Web Hizmetleri\"}]},{\"@type\":\"WebSite\",\"@id\":\"https:\\\/\\\/dogusgunaltay.com\\\/#website\",\"url\":\"https:\\\/\\\/dogusgunaltay.com\\\/\",\"name\":\"Do\u011fu\u015f G\u00fcnaltay\",\"description\":\"Fikri Sanata \u00c7evir\",\"publisher\":{\"@id\":\"https:\\\/\\\/dogusgunaltay.com\\\/#\\\/schema\\\/person\\\/983f726aa68fc9b68673eb592ef7a93d\"},\"potentialAction\":[{\"@type\":\"SearchAction\",\"target\":{\"@type\":\"EntryPoint\",\"urlTemplate\":\"https:\\\/\\\/dogusgunaltay.com\\\/?s={search_term_string}\"},\"query-input\":{\"@type\":\"PropertyValueSpecification\",\"valueRequired\":true,\"valueName\":\"search_term_string\"}}],\"inLanguage\":\"tr\"},{\"@type\":[\"Person\",\"Organization\"],\"@id\":\"https:\\\/\\\/dogusgunaltay.com\\\/#\\\/schema\\\/person\\\/983f726aa68fc9b68673eb592ef7a93d\",\"name\":\"admin\",\"image\":{\"@type\":\"ImageObject\",\"inLanguage\":\"tr\",\"@id\":\"https:\\\/\\\/dogusgunaltay.com\\\/wp-content\\\/uploads\\\/2023\\\/01\\\/cropped-Calisma-yuzeyi-1.png\",\"url\":\"https:\\\/\\\/dogusgunaltay.com\\\/wp-content\\\/uploads\\\/2023\\\/01\\\/cropped-Calisma-yuzeyi-1.png\",\"contentUrl\":\"https:\\\/\\\/dogusgunaltay.com\\\/wp-content\\\/uploads\\\/2023\\\/01\\\/cropped-Calisma-yuzeyi-1.png\",\"width\":512,\"height\":512,\"caption\":\"admin\"},\"logo\":{\"@id\":\"https:\\\/\\\/dogusgunaltay.com\\\/wp-content\\\/uploads\\\/2023\\\/01\\\/cropped-Calisma-yuzeyi-1.png\"},\"sameAs\":[\"https:\\\/\\\/dogusgunaltay.com\"]}]}<\/script>\n<!-- \/ Yoast SEO plugin. -->","yoast_head_json":{"title":"Web Hizmetleri - Do\u011fu\u015f G\u00fcnaltay","description":"Gelin, dijital d\u00fcnyan\u0131n s\u0131n\u0131rs\u0131z olanaklar\u0131na ad\u0131m atman\u0131n en kolay yolunu ke\u015ffedin! binbirtasar\u0131m.com.tr, size eksiksiz bir \u00e7evrimi\u00e7i varl\u0131k olu\u015fturman\u0131z i\u00e7in gereken t\u00fcm ara\u00e7lar\u0131 sunuyor. Profesyonel ve etkileyici bir web sitesine sahip olmak art\u0131k \u00e7ok daha h\u0131zl\u0131 ve kolay.","robots":{"index":"index","follow":"follow","max-snippet":"max-snippet:-1","max-image-preview":"max-image-preview:large","max-video-preview":"max-video-preview:-1"},"canonical":"https:\/\/dogusgunaltay.com\/index.php\/web-hizmetleri\/","og_locale":"tr_TR","og_type":"article","og_title":"Web Hizmetleri - Do\u011fu\u015f G\u00fcnaltay","og_description":"Gelin, dijital d\u00fcnyan\u0131n s\u0131n\u0131rs\u0131z olanaklar\u0131na ad\u0131m atman\u0131n en kolay yolunu ke\u015ffedin! binbirtasar\u0131m.com.tr, size eksiksiz bir \u00e7evrimi\u00e7i varl\u0131k olu\u015fturman\u0131z i\u00e7in gereken t\u00fcm ara\u00e7lar\u0131 sunuyor. Profesyonel ve etkileyici bir web sitesine sahip olmak art\u0131k \u00e7ok daha h\u0131zl\u0131 ve kolay.","og_url":"https:\/\/dogusgunaltay.com\/index.php\/web-hizmetleri\/","og_site_name":"Do\u011fu\u015f G\u00fcnaltay","article_modified_time":"2023-08-16T12:38:38+00:00","og_image":[{"url":"https:\/\/dogusgunaltay.com\/wp-content\/uploads\/2023\/08\/3-1024x320.jpg","type":"","width":"","height":""}],"twitter_card":"summary_large_image","twitter_misc":{"Tahmini okuma s\u00fcresi":"3 dakika"},"schema":{"@context":"https:\/\/schema.org","@graph":[{"@type":"WebPage","@id":"https:\/\/dogusgunaltay.com\/index.php\/web-hizmetleri\/","url":"https:\/\/dogusgunaltay.com\/index.php\/web-hizmetleri\/","name":"Web Hizmetleri - Do\u011fu\u015f G\u00fcnaltay","isPartOf":{"@id":"https:\/\/dogusgunaltay.com\/#website"},"primaryImageOfPage":{"@id":"https:\/\/dogusgunaltay.com\/index.php\/web-hizmetleri\/#primaryimage"},"image":{"@id":"https:\/\/dogusgunaltay.com\/index.php\/web-hizmetleri\/#primaryimage"},"thumbnailUrl":"https:\/\/dogusgunaltay.com\/wp-content\/uploads\/2023\/08\/3-1024x320.jpg","datePublished":"2023-08-16T11:24:11+00:00","dateModified":"2023-08-16T12:38:38+00:00","description":"Gelin, dijital d\u00fcnyan\u0131n s\u0131n\u0131rs\u0131z olanaklar\u0131na ad\u0131m atman\u0131n en kolay yolunu ke\u015ffedin! binbirtasar\u0131m.com.tr, size eksiksiz bir \u00e7evrimi\u00e7i varl\u0131k olu\u015fturman\u0131z i\u00e7in gereken t\u00fcm ara\u00e7lar\u0131 sunuyor. Profesyonel ve etkileyici bir web sitesine sahip olmak art\u0131k \u00e7ok daha h\u0131zl\u0131 ve kolay.","breadcrumb":{"@id":"https:\/\/dogusgunaltay.com\/index.php\/web-hizmetleri\/#breadcrumb"},"inLanguage":"tr","potentialAction":[{"@type":"ReadAction","target":["https:\/\/dogusgunaltay.com\/index.php\/web-hizmetleri\/"]}]},{"@type":"ImageObject","inLanguage":"tr","@id":"https:\/\/dogusgunaltay.com\/index.php\/web-hizmetleri\/#primaryimage","url":"https:\/\/dogusgunaltay.com\/wp-content\/uploads\/2023\/08\/3.jpg","contentUrl":"https:\/\/dogusgunaltay.com\/wp-content\/uploads\/2023\/08\/3.jpg","width":1920,"height":600},{"@type":"BreadcrumbList","@id":"https:\/\/dogusgunaltay.com\/index.php\/web-hizmetleri\/#breadcrumb","itemListElement":[{"@type":"ListItem","position":1,"name":"Anasayfa","item":"https:\/\/dogusgunaltay.com\/"},{"@type":"ListItem","position":2,"name":"Web Hizmetleri"}]},{"@type":"WebSite","@id":"https:\/\/dogusgunaltay.com\/#website","url":"https:\/\/dogusgunaltay.com\/","name":"Do\u011fu\u015f G\u00fcnaltay","description":"Fikri Sanata \u00c7evir","publisher":{"@id":"https:\/\/dogusgunaltay.com\/#\/schema\/person\/983f726aa68fc9b68673eb592ef7a93d"},"potentialAction":[{"@type":"SearchAction","target":{"@type":"EntryPoint","urlTemplate":"https:\/\/dogusgunaltay.com\/?s={search_term_string}"},"query-input":{"@type":"PropertyValueSpecification","valueRequired":true,"valueName":"search_term_string"}}],"inLanguage":"tr"},{"@type":["Person","Organization"],"@id":"https:\/\/dogusgunaltay.com\/#\/schema\/person\/983f726aa68fc9b68673eb592ef7a93d","name":"admin","image":{"@type":"ImageObject","inLanguage":"tr","@id":"https:\/\/dogusgunaltay.com\/wp-content\/uploads\/2023\/01\/cropped-Calisma-yuzeyi-1.png","url":"https:\/\/dogusgunaltay.com\/wp-content\/uploads\/2023\/01\/cropped-Calisma-yuzeyi-1.png","contentUrl":"https:\/\/dogusgunaltay.com\/wp-content\/uploads\/2023\/01\/cropped-Calisma-yuzeyi-1.png","width":512,"height":512,"caption":"admin"},"logo":{"@id":"https:\/\/dogusgunaltay.com\/wp-content\/uploads\/2023\/01\/cropped-Calisma-yuzeyi-1.png"},"sameAs":["https:\/\/dogusgunaltay.com"]}]}},"uagb_featured_image_src":{"full":false,"thumbnail":false,"medium":false,"medium_large":false,"large":false,"1536x1536":false,"2048x2048":false,"vp_sm":false,"vp_md":false,"vp_lg":false,"vp_xl":false,"vp_sm_popup":false,"vp_md_popup":false,"vp_xl_popup":false},"uagb_author_info":{"display_name":"admin","author_link":"https:\/\/dogusgunaltay.com\/index.php\/author\/dogusgunaltay\/"},"uagb_comment_info":0,"uagb_excerpt":"Binbirtasar\u0131m.com.tr ile \u0130nternet D\u00fcnyas\u0131na Ad\u0131m At\u0131n! Gelin, dijital d\u00fcnyan\u0131n s\u0131n\u0131rs\u0131z olanaklar\u0131na ad\u0131m atman\u0131n en kolay yolunu ke\u015ffedin! Binbirtasar\u0131m.com.tr, size eksiksiz bir \u00e7evrimi\u00e7i varl\u0131k olu\u015fturman\u0131z i\u00e7in gereken t\u00fcm ara\u00e7lar\u0131 sunuyor. Profesyonel ve etkileyici bir web sitesine sahip olmak art\u0131k \u00e7ok daha h\u0131zl\u0131 ve kolay. Geli\u015fmi\u015f Y\u00f6netim Paneli ile Kontrol Elinizde: Web sitenizi y\u00f6netmek hi\u00e7 bu kadar&hellip;","_links":{"self":[{"href":"https:\/\/dogusgunaltay.com\/index.php\/wp-json\/wp\/v2\/pages\/2203","targetHints":{"allow":["GET"]}}],"collection":[{"href":"https:\/\/dogusgunaltay.com\/index.php\/wp-json\/wp\/v2\/pages"}],"about":[{"href":"https:\/\/dogusgunaltay.com\/index.php\/wp-json\/wp\/v2\/types\/page"}],"author":[{"embeddable":true,"href":"https:\/\/dogusgunaltay.com\/index.php\/wp-json\/wp\/v2\/users\/1"}],"replies":[{"embeddable":true,"href":"https:\/\/dogusgunaltay.com\/index.php\/wp-json\/wp\/v2\/comments?post=2203"}],"version-history":[{"count":3,"href":"https:\/\/dogusgunaltay.com\/index.php\/wp-json\/wp\/v2\/pages\/2203\/revisions"}],"predecessor-version":[{"id":2211,"href":"https:\/\/dogusgunaltay.com\/index.php\/wp-json\/wp\/v2\/pages\/2203\/revisions\/2211"}],"wp:attachment":[{"href":"https:\/\/dogusgunaltay.com\/index.php\/wp-json\/wp\/v2\/media?parent=2203"}],"curies":[{"name":"wp","href":"https:\/\/api.w.org\/{rel}","templated":true}]}}